{"id":5161,"date":"2024-11-24T21:36:01","date_gmt":"2024-11-24T21:36:01","guid":{"rendered":"https:\/\/inanassoaps.com\/?post_type=product&#038;p=5161"},"modified":"2025-07-03T08:58:11","modified_gmt":"2025-07-03T08:58:11","slug":"calming-lavender-cava-soap","status":"publish","type":"product","link":"https:\/\/inanassoaps.com\/es\/producto\/calming-lavender-cava-soap\/","title":{"rendered":"Jab\u00f3n Calmante de Lavanda y Cava"},"content":{"rendered":"<p>Elaborado con cava rosado real, nuestro lujoso Jab\u00f3n de Lavanda y Cava trae la esencia de la regi\u00f3n vin\u00edcola del Pened\u00e8s a tu rutina de cuidado de la piel. Infusionado con aceite de oliva nutritivo, manteca de mango cremosa y manteca de karit\u00e9 hidratante, ofrece una espuma lujosa y rica que mimar\u00e1 tu piel.<\/p>\n<p>Calmante y elegante, con aceites esenciales de lavanda y bergamota, este jab\u00f3n artesanal de lujo nutre, hidrata y revitaliza profundamente tu piel con cada uso.<\/p>\n<h4><strong>BENEFICIOS PARA LA PIEL:<\/strong><\/h4>\n<p><strong>Ultra Hidratante Y Cremoso:<\/strong> La manteca de mango y la manteca de karit\u00e9 proporcionan una hidrataci\u00f3n intensa, dejando tu piel suave y tersa.<\/p>\n<p><strong>Espuma Lujosa:<\/strong> La combinaci\u00f3n de cava y aceites de calidad premium crea una espuma rica que eleva tu ritual de limpieza.<\/p>\n<p><strong>Rico en Antioxidantes:<\/strong> El cava, elaborado a partir de uvas, es rico en polifenoles, potentes antioxidantes que ayudan a proteger tu piel del da\u00f1o ambiental y a reducir los signos de envejecimiento, promoviendo una tez joven y radiante.<\/p>\n<p><strong>Calmante:<\/strong> La lavanda y la bergamota aportan un efecto relajante.<\/p>\n<p>Elaborado a mano en peque\u00f1os lotes en Espa\u00f1a, nuestro jab\u00f3n de cava es una opci\u00f3n ecol\u00f3gica que ayuda a reducir el uso de pl\u00e1stico. Hecho con ingredientes de origen vegetal de primera calidad, incluyendo nuestra cal\u00e9ndula org\u00e1nica y lavanda espa\u00f1ola cultivadas en casa. Empacado en una bolsa de algod\u00f3n reutilizable, reafirmando nuestro compromiso con la sostenibilidad.<\/p>\n<h4><strong>INGREDIENTES CLAVE:<\/strong><\/h4>\n<p><strong>Aceite de Oliva <\/strong>infusionado con <strong>flores de cal\u00e9ndula <\/strong>y <strong>lavanda <\/strong>:<strong>:<\/strong> Profundamente hidratante y calmante, perfecto para todo tipo de piel.<\/p>\n<p><strong>Manteca de Mango:<\/strong> Rica en \u00e1cidos grasos esenciales, aporta nutrici\u00f3n y elasticidad.<\/p>\n<p><strong>Cava:<\/strong> A\u00f1ade un toque de lujo con polifenoles ricos en antioxidantes que combaten el envejecimiento y rejuvenecen la piel, mientras contribuye a una textura \u00fanica y sedosa.<\/p>\n<p><strong>Manteca de Karit\u00e9:<\/strong> Hidrata y protege, promoviendo un resplandor radiante.<\/p>\n<h4><strong><b>C\u00d3MO USAR<\/b><\/strong>:<\/h4>\n<p>Apl\u00edcalo sobre la piel h\u00fameda, masajea suavemente y enjuaga bien con agua.<\/p>\n<h4><strong><b>C\u00d3MO CONSERVAR<\/b><\/strong>:<\/h4>\n<p>Para asegurar la durabilidad de tu jab\u00f3n, gu\u00e1rdalo en una jabonera que permita el drenaje del agua. Te recomendamos nuestra\u00a0<a href=\"https:\/\/inanassoaps.com\/es\/producto\/ceramic-soap-dish\/\">Jabonera de Cer\u00e1mica Hecha a Mano<\/a> para un mejor cuidado.<\/p>\n<h4><strong><b>INGREDIENTES:<\/b><\/strong><\/h4>\n<p>Olea Europaea (Aceite de Oliva), Cocos Nucifera (Aceite de Coco), Agua, Vitis Vinifera (Agua de Uva), Mangifera Indica (Manteca de Mango), Butyrospermum Parkii (Manteca de Karit\u00e9), Helianthus Annuus (Aceite de Semilla de Girasol), Ricinus Communis (Aceite de Semilla de Ricino), Lavandula Angustifolia (Aceite de Lavanda), Citrus Aurantium Bergamia (Aceite de Fruto de Bergamota), Di\u00f3xido de Titanio, Kaolin (Arcilla Rosa), Glicerina, Tocopherol, Linalool**, Limoneno**, Geraniol**.<\/p>\n<p>*Ingredientes cultivados org\u00e1nicamente<\/p>\n<p>** Componentes naturales de los aceites esenciales<\/p>\n<p><strong>100% Natural | Vegano y Cruelty-Free | Sin Aceite de Palma | Cero Residuo<\/strong><\/p>\n<p><em>POR FAVOR TENGA EN CUENTA: Nuestros productos son elaborados a mano en peque\u00f1os lotes. Debido a la naturaleza de los ingredientes naturales y org\u00e1nicos, se pueden presentar cambios en el color, la consistencia y el aroma. Esto no afecta la calidad ni la eficacia de nuestros productos.\u00a0<\/em><\/p>","protected":false},"excerpt":{"rendered":"<p>Elaborado con aut\u00e9ntico cava ros\u00e9, nuestro lujoso jab\u00f3n corporal floral lleva la esencia de la regi\u00f3n vin\u00edcola del Pened\u00e8s a tu rutina de cuidado de la piel. Calmante y elegante, con aceites esenciales de lavanda y bergamota.<\/p>","protected":false},"featured_media":5231,"comment_status":"open","ping_status":"closed","template":"","meta":{"_monsterinsights_skip_tracking":false,"_monsterinsights_sitenote_active":false,"_monsterinsights_sitenote_note":"","_monsterinsights_sitenote_category":0,"_uf_show_specific_survey":0,"_uf_disable_surveys":false,"_glsr_average":0,"_glsr_ranking":0,"_glsr_reviews":0,"_joinchat":[],"jetpack_publicize_message":"","jetpack_publicize_feature_enabled":true,"jetpack_social_post_already_shared":true,"jetpack_social_options":{"image_generator_settings":{"template":"highway","default_image_id":0,"font":"","enabled":false},"version":2}},"product_brand":[],"product_cat":[268],"product_tag":[275,248],"class_list":{"0":"post-5161","1":"product","2":"type-product","3":"status-publish","4":"has-post-thumbnail","6":"product_cat-body-soaps","7":"product_tag-cava-soap","8":"product_tag-luxury-soap","10":"first","11":"outofstock","12":"taxable","13":"shipping-taxable","14":"purchasable","15":"product-type-simple"},"jetpack_publicize_connections":[],"jetpack-related-posts":[],"_links":{"self":[{"href":"https:\/\/inanassoaps.com\/es\/wp-json\/wp\/v2\/product\/5161","targetHints":{"allow":["GET"]}}],"collection":[{"href":"https:\/\/inanassoaps.com\/es\/wp-json\/wp\/v2\/product"}],"about":[{"href":"https:\/\/inanassoaps.com\/es\/wp-json\/wp\/v2\/types\/product"}],"replies":[{"embeddable":true,"href":"https:\/\/inanassoaps.com\/es\/wp-json\/wp\/v2\/comments?post=5161"}],"wp:featuredmedia":[{"embeddable":true,"href":"https:\/\/inanassoaps.com\/es\/wp-json\/wp\/v2\/media\/5231"}],"wp:attachment":[{"href":"https:\/\/inanassoaps.com\/es\/wp-json\/wp\/v2\/media?parent=5161"}],"wp:term":[{"taxonomy":"product_brand","embeddable":true,"href":"https:\/\/inanassoaps.com\/es\/wp-json\/wp\/v2\/product_brand?post=5161"},{"taxonomy":"product_cat","embeddable":true,"href":"https:\/\/inanassoaps.com\/es\/wp-json\/wp\/v2\/product_cat?post=5161"},{"taxonomy":"product_tag","embeddable":true,"href":"https:\/\/inanassoaps.com\/es\/wp-json\/wp\/v2\/product_tag?post=5161"}],"curies":[{"name":"wp","href":"https:\/\/api.w.org\/{rel}","templated":true}]}}