{"id":5153,"date":"2024-12-03T13:04:49","date_gmt":"2024-12-03T13:04:49","guid":{"rendered":"https:\/\/inanassoaps.com\/?post_type=product&#038;p=5153"},"modified":"2025-03-12T15:16:53","modified_gmt":"2025-03-12T15:16:53","slug":"terrazzo-soap","status":"publish","type":"product","link":"https:\/\/inanassoaps.com\/es\/producto\/terrazzo-soap\/","title":{"rendered":"Jab\u00f3n Terrazo"},"content":{"rendered":"<div class=\"wpb-content-wrapper\"><p><strong>Creado con restos de jab\u00f3n reutilizados, transformados en un hermoso y eficiente jab\u00f3n terrazo para manos y cuerpo. Disfruta del refrescante aroma de la citronela: brillante, estimulante y perfecto para comenzar el d\u00eda con energ\u00eda y frescura.<\/strong><\/p>\n<p>A medida que usas este jab\u00f3n, se revela su patr\u00f3n \u00fanico, convirtiendo cada barra en una pieza exclusiva y a\u00f1adiendo un toque de arte a tu rutina de cuidado personal.<\/p>\n<h4><strong><b>INGREDIENTES CLAVE<\/b><\/strong>:<\/h4>\n<p><strong>Aceite de Oliva\u00a0<\/strong>infusionado con\u00a0<strong>flores de cal\u00e9ndula<\/strong>\u00a0\u2013 profundamente hidratante y calmante, perfecto para todo tipo de piel.<br \/>\n<strong>Aceite de Coco<\/strong> \u2013 limpia e hidrata, aportando una sensaci\u00f3n de lujo al jab\u00f3n de proceso en fr\u00edo.<br \/>\n<strong>Manteca de Karit\u00e9<\/strong> \u2013 nutre profundamente, brindando una hidrataci\u00f3n excepcional para una piel sana y bien hidratada.<br \/>\n<strong>Manteca de Mango<\/strong> \u2013 rica en \u00e1cidos grasos esenciales, aporta nutrici\u00f3n y elasticidad.<\/p>\n<p>Elaborado a mano en Espa\u00f1a en peque\u00f1os lotes, esta barra de jab\u00f3n ayuda a minimizar el uso de pl\u00e1stico en tu hogar, ofreciendo una soluci\u00f3n duradera y ecol\u00f3gica. Incorporamos cal\u00e9ndula org\u00e1nica seleccionada a mano de nuestro propio  cultivo, para potenciar sus beneficios naturales.<\/p>\n<p>Cuidadosamente empaquetado en una bolsa reutilizable de algod\u00f3n, libre de pl\u00e1stico, en l\u00ednea con nuestro compromiso con la sostenibilidad y la reducci\u00f3n del impacto ambiental.<\/p>\n<h4><strong><b>C\u00d3MO USAR<\/b><\/strong>:<\/h4>\n<p>Enjabona las manos h\u00famedas, masajea suavemente y enjuaga con agua.<\/p>\n<h4><strong><b>C\u00d3MO CONSERVAR<\/b><\/strong>:<\/h4>\n<p>Para asegurar una calidad duradera, gu\u00e1rdalo en un portajab\u00f3n que drene. Considera elegir una <a href=\"https:\/\/inanassoaps.com\/es\/producto\/bamboo-soap-dish-2\/\">Jabonera de Bamb\u00fa <\/a>\u00a0o nuestra <a href=\"https:\/\/inanassoaps.com\/es\/producto\/ceramic-soap-dish\/\">Jabonera de Cer\u00e1mica Hecha a Mano<\/a> para un mejor cuidado.<\/p>\n<h4><strong>INGREDIENTES<\/strong>:<\/h4>\n<p>Olea Europaea (<em>Oliva)<\/em> Aceite, Aqua, Cocos Nucifera (<em>Coco<\/em>) Aceite *, Butyrospermum Parkii (<em>Karit\u00e9<\/em>) Manteca*, Mangifera Indica (<em>Mango<\/em>) Manteca de Semillas, Helianthus Annuus (<em>Girasol<\/em>) Aceite de Semilla, Ricinus Communis (<em>Ricino<\/em>) Aceite de Semilla, Calendula Officinalis (<em>Cal\u00e9ndula<\/em>) Extracto de Flor y Cymbopogon Nardus (<em>Citronela<\/em>) Aceite Esencial<\/p>\n<p>*Ingredientes cultivados org\u00e1nicamente<\/p>\n<div class=\"sec_row container\">\n<div class=\"vc_row wpb_row vc_row-fluid\">\n<div class=\"wpb_column vc_column_container vc_col-sm-12 et-dark-column\">\n<div class=\"vc_column-inner\">\n<div class=\"wpb_wrapper\">\n<div class=\"wpb_text_column wpb_content_element\">\n<div class=\"wpb_wrapper\">\n<p style=\"text-align: left;\"><strong>100% natural | Recortes de jab\u00f3n reciclados | Proceso en fr\u00edo | Sin aceite de palma | Sin pl\u00e1stico | Vegano | Libre de crueldad<\/strong><\/p>\n<p style=\"text-align: left;\"><em>POR FAVOR TENGA EN CUENTA: Nuestros productos son elaborados a mano en peque\u00f1os lotes. Debido a la naturaleza de los ingredientes naturales y org\u00e1nicos, se pueden presentar cambios en el color, la consistencia y el aroma. Esto no afecta la calidad ni la eficacia de nuestros productos.\u00a0<\/em><\/p>\n<\/div>\n<\/div>\n<\/div>\n<\/div>\n<\/div>\n<\/div>\n<\/div>\n<\/div>","protected":false},"excerpt":{"rendered":"<p>Creado con restos de jab\u00f3n reutilizados, transformados en un hermoso y eficiente jab\u00f3n terrazo para manos y cuerpo. Disfruta del refrescante aroma de la citronela: brillante, estimulante y perfecto para comenzar el d\u00eda con energ\u00eda y frescura.<\/p>","protected":false},"featured_media":5211,"comment_status":"open","ping_status":"closed","template":"","meta":{"_monsterinsights_skip_tracking":false,"_monsterinsights_sitenote_active":false,"_monsterinsights_sitenote_note":"","_monsterinsights_sitenote_category":0,"_uf_show_specific_survey":0,"_uf_disable_surveys":false,"_glsr_average":0,"_glsr_ranking":0,"_glsr_reviews":0,"_joinchat":[],"jetpack_publicize_message":"","jetpack_publicize_feature_enabled":true,"jetpack_social_post_already_shared":true,"jetpack_social_options":{"image_generator_settings":{"template":"highway","default_image_id":0,"font":"","enabled":false},"version":2}},"product_brand":[],"product_cat":[268],"product_tag":[],"class_list":{"0":"post-5153","1":"product","2":"type-product","3":"status-publish","4":"has-post-thumbnail","6":"product_cat-body-soaps","8":"first","9":"instock","10":"taxable","11":"shipping-taxable","12":"purchasable","13":"product-type-simple"},"jetpack_publicize_connections":[],"jetpack-related-posts":[],"_links":{"self":[{"href":"https:\/\/inanassoaps.com\/es\/wp-json\/wp\/v2\/product\/5153","targetHints":{"allow":["GET"]}}],"collection":[{"href":"https:\/\/inanassoaps.com\/es\/wp-json\/wp\/v2\/product"}],"about":[{"href":"https:\/\/inanassoaps.com\/es\/wp-json\/wp\/v2\/types\/product"}],"replies":[{"embeddable":true,"href":"https:\/\/inanassoaps.com\/es\/wp-json\/wp\/v2\/comments?post=5153"}],"wp:featuredmedia":[{"embeddable":true,"href":"https:\/\/inanassoaps.com\/es\/wp-json\/wp\/v2\/media\/5211"}],"wp:attachment":[{"href":"https:\/\/inanassoaps.com\/es\/wp-json\/wp\/v2\/media?parent=5153"}],"wp:term":[{"taxonomy":"product_brand","embeddable":true,"href":"https:\/\/inanassoaps.com\/es\/wp-json\/wp\/v2\/product_brand?post=5153"},{"taxonomy":"product_cat","embeddable":true,"href":"https:\/\/inanassoaps.com\/es\/wp-json\/wp\/v2\/product_cat?post=5153"},{"taxonomy":"product_tag","embeddable":true,"href":"https:\/\/inanassoaps.com\/es\/wp-json\/wp\/v2\/product_tag?post=5153"}],"curies":[{"name":"wp","href":"https:\/\/api.w.org\/{rel}","templated":true}]}}