{"id":4677,"date":"2023-11-30T14:41:32","date_gmt":"2023-11-30T14:41:32","guid":{"rendered":"https:\/\/inanassoaps.com\/?post_type=product&#038;p=4677"},"modified":"2025-01-14T14:35:11","modified_gmt":"2025-01-14T14:35:11","slug":"bamboo-soap-dish","status":"publish","type":"product","link":"https:\/\/inanassoaps.com\/es\/producto\/bamboo-soap-dish\/","title":{"rendered":"Jabonera de Bamb\u00fa"},"content":{"rendered":"<p>Esta jabonera de bamb\u00fa drena eficientemente el exceso de agua entre usos, tiene el tama\u00f1o ideal para nuestras barras de champ\u00fa y prolonga su vida \u00fatil.<\/p>\n<p>Presenta un dise\u00f1o sencillo y elegante que combina a la perfecci\u00f3n practicidad, est\u00e9tica y respeto por el medio ambiente. Fabricada con pies de goma, garantiza estabilidad sobre superficies lisas como el m\u00e1rmol.<\/p>\n<p>\u00bfSAB\u00cdAS QUE...?<\/p>\n<ul>\n<li><strong>El r\u00e1pido crecimiento del bamb\u00fa<\/strong>\u00a1El bamb\u00fa crece s\u00faper r\u00e1pido, con algunos tipos que brotan hasta un metro en un solo d\u00eda!<\/li>\n<li><strong>Libre de toxinas<\/strong>: A pesar de los conceptos err\u00f3neos comunes sobre el bamb\u00fa, es completamente no t\u00f3xico<\/li>\n<li><strong>Limpieza<\/strong>: Los bosques de bamb\u00fa son como superh\u00e9roes ambientales, absorbiendo casi 5 veces m\u00e1s di\u00f3xido de carbono que los \u00e1rboles comunes, manteniendo nuestro aire fresco<\/li>\n<\/ul>\n<p>Dimensiones: 8 cm de ancho y 1.2 cm de grosor<\/p>","protected":false},"excerpt":{"rendered":"<p>Esta jabonera de bamb\u00fa drena eficientemente el exceso de agua entre usos, tiene el tama\u00f1o ideal para nuestras barras de champ\u00fa y prolonga su vida \u00fatil.<\/p>","protected":false},"featured_media":5301,"comment_status":"closed","ping_status":"closed","template":"","meta":{"_monsterinsights_skip_tracking":false,"_monsterinsights_sitenote_active":false,"_monsterinsights_sitenote_note":"","_monsterinsights_sitenote_category":0,"_uf_show_specific_survey":0,"_uf_disable_surveys":false,"_glsr_average":5,"_glsr_ranking":3.636363636363599827205916881212033331394195556640625,"_glsr_reviews":1,"_joinchat":[],"jetpack_publicize_message":"","jetpack_publicize_feature_enabled":true,"jetpack_social_post_already_shared":true,"jetpack_social_options":{"image_generator_settings":{"template":"highway","default_image_id":0,"font":"","enabled":false},"version":2}},"product_brand":[],"product_cat":[249],"product_tag":[],"class_list":{"0":"post-4677","1":"product","2":"type-product","3":"status-publish","4":"has-post-thumbnail","6":"product_cat-accessories","8":"first","9":"instock","10":"taxable","11":"shipping-taxable","12":"purchasable","13":"product-type-simple"},"jetpack_publicize_connections":[],"jetpack-related-posts":[],"_links":{"self":[{"href":"https:\/\/inanassoaps.com\/es\/wp-json\/wp\/v2\/product\/4677","targetHints":{"allow":["GET"]}}],"collection":[{"href":"https:\/\/inanassoaps.com\/es\/wp-json\/wp\/v2\/product"}],"about":[{"href":"https:\/\/inanassoaps.com\/es\/wp-json\/wp\/v2\/types\/product"}],"replies":[{"embeddable":true,"href":"https:\/\/inanassoaps.com\/es\/wp-json\/wp\/v2\/comments?post=4677"}],"wp:featuredmedia":[{"embeddable":true,"href":"https:\/\/inanassoaps.com\/es\/wp-json\/wp\/v2\/media\/5301"}],"wp:attachment":[{"href":"https:\/\/inanassoaps.com\/es\/wp-json\/wp\/v2\/media?parent=4677"}],"wp:term":[{"taxonomy":"product_brand","embeddable":true,"href":"https:\/\/inanassoaps.com\/es\/wp-json\/wp\/v2\/product_brand?post=4677"},{"taxonomy":"product_cat","embeddable":true,"href":"https:\/\/inanassoaps.com\/es\/wp-json\/wp\/v2\/product_cat?post=4677"},{"taxonomy":"product_tag","embeddable":true,"href":"https:\/\/inanassoaps.com\/es\/wp-json\/wp\/v2\/product_tag?post=4677"}],"curies":[{"name":"wp","href":"https:\/\/api.w.org\/{rel}","templated":true}]}}