{"id":4362,"date":"2023-04-25T19:51:59","date_gmt":"2023-04-25T19:51:59","guid":{"rendered":"https:\/\/inanassoaps.com\/?post_type=product&#038;p=4362"},"modified":"2025-01-14T14:43:55","modified_gmt":"2025-01-14T14:43:55","slug":"naturall-bath-salts-hibiscus","status":"publish","type":"product","link":"https:\/\/inanassoaps.com\/es\/producto\/naturall-bath-salts-hibiscus\/","title":{"rendered":"Sales de Ba\u00f1o Naturales \u2726 Hibisco"},"content":{"rendered":"<p><strong>Sum\u00e9rgete en la lujosa experiencia de nuestras sales de ba\u00f1o naturales ricas en minerales, Hibiscus, proporcionando una experiencia de ba\u00f1o verdaderamente relajante y rejuvenecedora<\/strong><\/p>\n<p>Nuestras sales de ba\u00f1o con sal rosa de Himalaya, Epsom y del Mar Muerto son perfectas para relajarte y cuidar tu piel. Adem\u00e1s, son un regalo ecol\u00f3gico y considerado para cualquiera que necesite un poco de autocuidado.<\/p>\n<p>El alto contenido mineral de la sal del Mar Muerto, que contiene 10 veces m\u00e1s minerales que la sal marina normal, promueve la salud y el bienestar general al desintoxicar el cuerpo y beneficiar la piel, mientras que la sal de Epsom alivia la tensi\u00f3n muscular y el dolor.<\/p>\n<p>Con una infusi\u00f3n del delicado aroma de las flores de hibisco, estas sales de ba\u00f1o de terapia natural crean una experiencia similar a la de un spa en la comodidad de su hogar. \n\nPara usarlo, simplemente agregue una cucharada al agua de su ba\u00f1o y deje que el estr\u00e9s del d\u00eda desaparezca.<\/p>\n<ul>\n<li>Elaborado con ingredientes naturales<\/li>\n<li>Elaborado artesanalmente en peque\u00f1os lotes<\/li>\n<li>Naturalmente rico en minerales<\/li>\n<li>Bolsa kraft de 250 gramos<\/li>\n<\/ul>\n<p>Se complementa a la perfecci\u00f3n con nuestros\u00a0<a href=\"https:\/\/inanassoaps.com\/es\/producto\/pink-clay-cleansing-bar-soap\/\">Barra limpiadora facial de Arcilla Rosa<\/a><\/p>\n<p><strong>INGREDIENTES: <\/strong><\/p>\n<p>Sal de Himalaya rosa (<em>Sodium Chloride<\/em>), Sal del Mar Muerto (<em>Maris Sal<\/em>), Sal de Epsom (<em>Magnesium Sulfate<\/em>p\u00e9talos de hibisco secos<\/p>\n<p><strong>MODO DE USO:<\/strong><\/p>\n<p>Utilice 1 \u2013  2 pu\u00f1ados de sal por ba\u00f1o. Para evitar que las flores se vayan por el desag\u00fce, utilice un colador de lavabo\/ba\u00f1era.<\/p>\n<p>Solo para uso externo!<br \/>\nSi se produce irritaci\u00f3n de la piel, \u00a1deje de usarlo!<\/p>","protected":false},"excerpt":{"rendered":"<p>Sum\u00e9rgete en la lujosa experiencia de nuestras sales de ba\u00f1o naturales ricas en minerales, Hibiscus, proporcionando una experiencia de ba\u00f1o verdaderamente relajante y rejuvenecedora<\/p>","protected":false},"featured_media":4363,"comment_status":"open","ping_status":"closed","template":"","meta":{"_monsterinsights_skip_tracking":false,"_monsterinsights_sitenote_active":false,"_monsterinsights_sitenote_note":"","_monsterinsights_sitenote_category":0,"_uf_show_specific_survey":0,"_uf_disable_surveys":false,"_glsr_average":0,"_glsr_ranking":0,"_glsr_reviews":0,"_joinchat":[],"jetpack_publicize_message":"","jetpack_publicize_feature_enabled":true,"jetpack_social_post_already_shared":false,"jetpack_social_options":{"image_generator_settings":{"template":"highway","default_image_id":0,"font":"","enabled":false},"version":2}},"product_brand":[],"product_cat":[206],"product_tag":[253],"class_list":{"0":"post-4362","1":"product","2":"type-product","3":"status-publish","4":"has-post-thumbnail","6":"product_cat-natural-bath-salts","7":"product_tag-natural-bath-salts","9":"first","10":"instock","11":"taxable","12":"shipping-taxable","13":"purchasable","14":"product-type-simple"},"jetpack_publicize_connections":[],"jetpack-related-posts":[],"_links":{"self":[{"href":"https:\/\/inanassoaps.com\/es\/wp-json\/wp\/v2\/product\/4362","targetHints":{"allow":["GET"]}}],"collection":[{"href":"https:\/\/inanassoaps.com\/es\/wp-json\/wp\/v2\/product"}],"about":[{"href":"https:\/\/inanassoaps.com\/es\/wp-json\/wp\/v2\/types\/product"}],"replies":[{"embeddable":true,"href":"https:\/\/inanassoaps.com\/es\/wp-json\/wp\/v2\/comments?post=4362"}],"wp:featuredmedia":[{"embeddable":true,"href":"https:\/\/inanassoaps.com\/es\/wp-json\/wp\/v2\/media\/4363"}],"wp:attachment":[{"href":"https:\/\/inanassoaps.com\/es\/wp-json\/wp\/v2\/media?parent=4362"}],"wp:term":[{"taxonomy":"product_brand","embeddable":true,"href":"https:\/\/inanassoaps.com\/es\/wp-json\/wp\/v2\/product_brand?post=4362"},{"taxonomy":"product_cat","embeddable":true,"href":"https:\/\/inanassoaps.com\/es\/wp-json\/wp\/v2\/product_cat?post=4362"},{"taxonomy":"product_tag","embeddable":true,"href":"https:\/\/inanassoaps.com\/es\/wp-json\/wp\/v2\/product_tag?post=4362"}],"curies":[{"name":"wp","href":"https:\/\/api.w.org\/{rel}","templated":true}]}}