{"id":4055,"date":"2021-11-03T15:00:58","date_gmt":"2021-11-03T15:00:58","guid":{"rendered":"https:\/\/inanassoaps.com\/?post_type=product&#038;p=4055"},"modified":"2025-01-14T14:42:01","modified_gmt":"2025-01-14T14:42:01","slug":"natural-bath-salts-eucalyptus","status":"publish","type":"product","link":"https:\/\/inanassoaps.com\/es\/producto\/natural-bath-salts-eucalyptus\/","title":{"rendered":"Sales de Ba\u00f1o Naturales \u2726 Eucalipto"},"content":{"rendered":"<p><strong>Nuestras sales de ba\u00f1o naturales de eucalipto son el remedio perfecto para relajarte despu\u00e9s de un d\u00eda agotador o una sesi\u00f3n de ejercicio intenso. <\/strong><\/p>\n<p>Especialmente dise\u00f1adas para aliviar tus m\u00fasculos, calmar tu mente, reducir la fatiga y mejorar tu bienestar general, estas sales de ba\u00f1o minerales tambi\u00e9n son un regalo ecol\u00f3gico y considerado para cualquiera que necesite un poco de cuidado personal.<\/p>\n<p>El alto contenido mineral de la sal del Mar Muerto, que contiene 10 veces m\u00e1s minerales que la sal marina normal, promueve la salud y el bienestar general al desintoxicar el cuerpo y beneficiar la piel, mientras que la sal de Epsom alivia la tensi\u00f3n muscular y el dolor.<\/p>\n<p>Enriquecidas con el vigorizante aroma del eucalipto, estas sales de ba\u00f1o naturales crean una experiencia refrescante y rejuvenadora similar a la de un spa en la comodidad de tu hogar. Simplemente agrega una cucharada a tu agua de ba\u00f1o, sum\u00e9rgete y deja que el estr\u00e9s del d\u00eda desaparezca.<\/p>\n<ul>\n<li>Elaborado con ingredientes naturales<\/li>\n<li>Elaborado artesanalmente en peque\u00f1os lotes<\/li>\n<li>Naturalmente rico en minerales<\/li>\n<li>Bolsa kraft de 250 gramos<\/li>\n<\/ul>\n<p>Se complementa a la perfecci\u00f3n con nuestros\u00a0<a href=\"https:\/\/inanassoaps.com\/es\/producto\/exfolianting-rosemary-mint-hemp-soap\/\">Jab\u00f3n cuerpo de C\u00e1\u00f1amo con Romero y Menta<\/a><\/p>\n<h4><strong>INGREDIENTES: <\/strong><\/h4>\n<p>Sal del Mar Muerto (<em>Maris Sal<\/em>), Sal de Epsom (<em>Magnesium Sulfate<\/em>), hojas secas de eucalipto<\/p>\n<h4><strong>MODO DE USO:<\/strong><\/h4>\n<p>Utilice 1 \u2013  2 pu\u00f1ados de sal por ba\u00f1o. Para evitar que las flores se vayan por el desag\u00fce, utilice un colador de lavabo\/ba\u00f1era.<\/p>\n<p>Solo para uso externo!<br \/>\nSi se produce irritaci\u00f3n de la piel, \u00a1deje de usarlo!<\/p>","protected":false},"excerpt":{"rendered":"<p><strong>Nuestras sales de ba\u00f1o naturales de eucalipto son el remedio perfecto para relajarte despu\u00e9s de un d\u00eda agotador o una sesi\u00f3n de ejercicio intenso.<\/strong><\/p>","protected":false},"featured_media":4368,"comment_status":"open","ping_status":"closed","template":"","meta":{"_monsterinsights_skip_tracking":false,"_monsterinsights_sitenote_active":false,"_monsterinsights_sitenote_note":"","_monsterinsights_sitenote_category":0,"_uf_show_specific_survey":0,"_uf_disable_surveys":false,"_glsr_average":5,"_glsr_ranking":3.636363636363599827205916881212033331394195556640625,"_glsr_reviews":1,"_joinchat":[],"jetpack_publicize_message":"","jetpack_publicize_feature_enabled":true,"jetpack_social_post_already_shared":false,"jetpack_social_options":{"image_generator_settings":{"template":"highway","default_image_id":0,"font":"","enabled":false},"version":2}},"product_brand":[],"product_cat":[206],"product_tag":[253],"class_list":{"0":"post-4055","1":"product","2":"type-product","3":"status-publish","4":"has-post-thumbnail","6":"product_cat-natural-bath-salts","7":"product_tag-natural-bath-salts","9":"first","10":"instock","11":"taxable","12":"shipping-taxable","13":"purchasable","14":"product-type-simple"},"jetpack_publicize_connections":[],"jetpack-related-posts":[],"_links":{"self":[{"href":"https:\/\/inanassoaps.com\/es\/wp-json\/wp\/v2\/product\/4055","targetHints":{"allow":["GET"]}}],"collection":[{"href":"https:\/\/inanassoaps.com\/es\/wp-json\/wp\/v2\/product"}],"about":[{"href":"https:\/\/inanassoaps.com\/es\/wp-json\/wp\/v2\/types\/product"}],"replies":[{"embeddable":true,"href":"https:\/\/inanassoaps.com\/es\/wp-json\/wp\/v2\/comments?post=4055"}],"wp:featuredmedia":[{"embeddable":true,"href":"https:\/\/inanassoaps.com\/es\/wp-json\/wp\/v2\/media\/4368"}],"wp:attachment":[{"href":"https:\/\/inanassoaps.com\/es\/wp-json\/wp\/v2\/media?parent=4055"}],"wp:term":[{"taxonomy":"product_brand","embeddable":true,"href":"https:\/\/inanassoaps.com\/es\/wp-json\/wp\/v2\/product_brand?post=4055"},{"taxonomy":"product_cat","embeddable":true,"href":"https:\/\/inanassoaps.com\/es\/wp-json\/wp\/v2\/product_cat?post=4055"},{"taxonomy":"product_tag","embeddable":true,"href":"https:\/\/inanassoaps.com\/es\/wp-json\/wp\/v2\/product_tag?post=4055"}],"curies":[{"name":"wp","href":"https:\/\/api.w.org\/{rel}","templated":true}]}}