{"id":4026,"date":"2021-09-11T15:00:25","date_gmt":"2021-09-11T15:00:25","guid":{"rendered":"https:\/\/inanassoaps.com\/?post_type=product&#038;p=4026"},"modified":"2025-01-14T14:38:08","modified_gmt":"2025-01-14T14:38:08","slug":"exfoliating-soap-bag","status":"publish","type":"product","link":"https:\/\/inanassoaps.com\/es\/producto\/exfoliating-soap-bag\/","title":{"rendered":"Bolsa Exfoliante de Sisal"},"content":{"rendered":"<h4>\u00a1Elige una opci\u00f3n sostenible para tu rutina de ducha con nuestra bolsa exfoliante de jab\u00f3n!<\/h4>\n<h4>Elaborada con 100% fibra de sisal natural, proveniente de la planta de agave, esta bolsa exfoliante es completamente biodegradable y libre de pl\u00e1stico.<\/h4>\n<p>Este solsa de sisal est\u00e1 dise\u00f1ada para exfoliar tu piel y estimular la circulaci\u00f3n sangu\u00ednea. La superficie texturizada de la bolsa crea una espuma abundante, permiti\u00e9ndote disfrutar de una experiencia de ducha lujosa.<\/p>\n<p>No solo mejora tu rutina de ducha, sino que tambi\u00e9n es una excelente manera de usar los restos de jab\u00f3n que quedan en los extremos de las barras. Simplemente coloca los restos de jab\u00f3n dentro de la bolsa y \u00fasala para lavar tu cuerpo.<\/p>\n<h4><strong>BENEFICIOS:<\/strong><\/h4>\n<ul>\n<li>Limpia y exfolia suavemente la piel<\/li>\n<li>Utiliza los restos de jab\u00f3n<\/li>\n<li>Estimula la circulaci\u00f3n sangu\u00ednea<\/li>\n<li>100% biodegradable<\/li>\n<\/ul>\n<p>Con su tejido suave, este exfoliante de jab\u00f3n es suave con la piel y no causar\u00e1 ninguna irritaci\u00f3n.<\/p>\n<p><strong>MODO DE USO:<\/strong><\/p>\n<ol>\n<li>Puedes poner un jab\u00f3n entero en la bolsa o llenarla con tus peque\u00f1as sobras para usarlas de manera eficiente (\u00a1sin desperdicio!).<\/li>\n<li>Humedece la bolsa con agua y enjab\u00f3nate con ella.<\/li>\n<li>\u00a1Extrae el jab\u00f3n de la bolsa despu\u00e9s de cada uso! Cuelga la bolsa de sisal para que se seque por separado mientras colocas tu jab\u00f3n en una jabonera, para que el exceso de agua gotee.<\/li>\n<\/ol>\n<p>TIP: Siempre que sea necesario, l\u00e1valo a 30 grados para mantener higi\u00e9nica tu bolsa de jab\u00f3n.<\/p>\n<p>Dimensiones: 14cm x 11cm<\/p>","protected":false},"excerpt":{"rendered":"<p>Elaborada con 100% fibra de sisal natural, proveniente de la planta de agave, esta bolsa exfoliante es completamente biodegradable y libre de pl\u00e1stico, convirti\u00e9ndola en una opci\u00f3n ecol\u00f3gica para ti y el planeta.<\/p>\n<p>&nbsp;<\/p>","protected":false},"featured_media":4659,"comment_status":"open","ping_status":"closed","template":"","meta":{"_monsterinsights_skip_tracking":false,"_monsterinsights_sitenote_active":false,"_monsterinsights_sitenote_note":"","_monsterinsights_sitenote_category":0,"_uf_show_specific_survey":0,"_uf_disable_surveys":false,"_glsr_average":5,"_glsr_ranking":3.636363636363599827205916881212033331394195556640625,"_glsr_reviews":1,"_joinchat":[],"jetpack_publicize_message":"","jetpack_publicize_feature_enabled":true,"jetpack_social_post_already_shared":false,"jetpack_social_options":{"image_generator_settings":{"template":"highway","default_image_id":0,"font":"","enabled":false},"version":2}},"product_brand":[],"product_cat":[249],"product_tag":[],"class_list":{"0":"post-4026","1":"product","2":"type-product","3":"status-publish","4":"has-post-thumbnail","6":"product_cat-accessories","8":"first","9":"instock","10":"taxable","11":"shipping-taxable","12":"purchasable","13":"product-type-simple"},"jetpack_publicize_connections":[],"jetpack-related-posts":[],"_links":{"self":[{"href":"https:\/\/inanassoaps.com\/es\/wp-json\/wp\/v2\/product\/4026","targetHints":{"allow":["GET"]}}],"collection":[{"href":"https:\/\/inanassoaps.com\/es\/wp-json\/wp\/v2\/product"}],"about":[{"href":"https:\/\/inanassoaps.com\/es\/wp-json\/wp\/v2\/types\/product"}],"replies":[{"embeddable":true,"href":"https:\/\/inanassoaps.com\/es\/wp-json\/wp\/v2\/comments?post=4026"}],"wp:featuredmedia":[{"embeddable":true,"href":"https:\/\/inanassoaps.com\/es\/wp-json\/wp\/v2\/media\/4659"}],"wp:attachment":[{"href":"https:\/\/inanassoaps.com\/es\/wp-json\/wp\/v2\/media?parent=4026"}],"wp:term":[{"taxonomy":"product_brand","embeddable":true,"href":"https:\/\/inanassoaps.com\/es\/wp-json\/wp\/v2\/product_brand?post=4026"},{"taxonomy":"product_cat","embeddable":true,"href":"https:\/\/inanassoaps.com\/es\/wp-json\/wp\/v2\/product_cat?post=4026"},{"taxonomy":"product_tag","embeddable":true,"href":"https:\/\/inanassoaps.com\/es\/wp-json\/wp\/v2\/product_tag?post=4026"}],"curies":[{"name":"wp","href":"https:\/\/api.w.org\/{rel}","templated":true}]}}