{"id":3889,"date":"2021-07-26T05:30:55","date_gmt":"2021-07-26T05:30:55","guid":{"rendered":"https:\/\/inanassoaps.com\/?post_type=product&#038;p=3889"},"modified":"2025-05-05T12:47:05","modified_gmt":"2025-05-05T12:47:05","slug":"pink-clay-cleansing-bar","status":"publish","type":"product","link":"https:\/\/inanassoaps.com\/es\/producto\/pink-clay-cleansing-bar\/","title":{"rendered":"Barra limpiadora facial de Arcilla Rosa"},"content":{"rendered":"<div class=\"wpb-content-wrapper\"><div  class=\"sec_row container\"><div class=\"vc_row wpb_row vc_row-fluid\"><div class=\"wpb_column vc_column_container vc_col-sm-12 et-dark-column\"><div class=\"vc_column-inner\"><div class=\"wpb_wrapper\">\n\t<div class=\"wpb_text_column wpb_content_element\" >\n\t\t<div class=\"wpb_wrapper\">\n\t\t\t<h4>Limpia y desintoxica tu piel con nuestro Jab\u00f3n Limpiador de Arcilla Rosa \u2013 una f\u00f3rmula suave y natural para rostro y cuerpo que no reseca la piel. Su delicada fragancia floral y c\u00edtrica proporciona una experiencia refrescante y relajante<\/h4>\n<p><strong>Recomendado para:\u00a0<\/strong>todo tipo de pieles, especialmente beneficioso para pieles secas y sensibles. Se puede usar como limpiador facial y corporal.<\/p>\n<p>Se complementa a la perfecci\u00f3n con nuestros\u00a0<a href=\"https:\/\/inanassoaps.com\/es\/producto\/hibiscus-mineral-bath-salts\/\">Sales de Ba\u00f1o Minerales de Hibisco.<\/a><\/p>\n<p><strong><b>INGREDIENTES CLAVE: <\/b><\/strong><\/p>\n<p><strong>Aceite de<\/strong>\u00a0Oliva Virgen Extra\u00a0<strong>El aceite de oliva<\/strong>\u00a0infusionado con\u00a0<strong>flores de cal\u00e9ndula<\/strong>\u00a0\u2013 Calma y nutre la piel, ideal para pieles sensibles.<br \/>\n<strong>Aceite de Coco<\/strong>\u00a0\u2013 Limpia, hidrata y proporciona una experiencia de uso lujosa.<br \/>\n<strong>Manteca de Karit\u00e9<\/strong>\u00a0\u2013 Con propiedades hidratantes excepcionales, nutre profundamente la piel.<br \/>\n<strong>Manteca de Cacao<\/strong>\u00a0\u2013 Mejora la elasticidad y firmeza del jab\u00f3n, ofreciendo una experiencia de ba\u00f1o \u00fanica.<br \/>\n<strong>Arcilla Rosa<\/strong> \u2013 Una arcilla suave que extrae las impurezas de la piel, limpiando sin resecar ni eliminar los aceites naturales.<\/p>\n<p>Handcrafted in Spain in small batches, this luxury soap actively contributes to reducing plastic usage in your home, providing a durable and zero-waste product.<\/p>\n<p>En Inana's Soaps utilizamos ingredientes de alta calidad, de origen vegetal, como la cal\u00e9ndula org\u00e1nica que cultivamos en nuestro propio huerto.<\/p>\n<p><strong>100% natural | Proceso en fr\u00edo | Sin aceite de palma | Sin pl\u00e1stico | Vegano | Libre de crueldad<\/strong><\/p>\n<h4><strong><b>INSTRUCCIONES DE USO Y CUIDADO<\/b><\/strong><strong><b>:<\/b><\/strong><\/h4>\n<p>Humedece el jab\u00f3n y fr\u00f3talo para crear una espuma rica y cremosa. Deja actuar la espuma en la piel unos instantes. Para prolongar la vida \u00fatil del jab\u00f3n, gu\u00e1rdalo en una jabonera que permita drenar el agua. Te recomendamos utilizar nuestra <a href=\"https:\/\/inanassoaps.com\/es\/producto\/ceramic-soap-dish\/\">Jabonera de Cer\u00e1mica Hecha a Mano<\/a> para un mejor cuidado.<\/p>\n<p><strong><b>INGREDIENTES:<\/b><\/strong><\/p>\n<p>Olea Europaea (Aceite de Oliva) Fruit Oil, Aqua, Cocos Nucifera (Aceite de Coco), Butyrospermum Parkii (Manteca de Karit\u00e9), Theobroma Cacao (Manteca de Cacao), Prunus Amygdalus Dulcis (Aceite de Almendra Dulce), Ricinus Communis (Aceite de Ricino), Glicerina, Pelargonium Graveolens (Aceite de Geranio), Litsea Cubeba (Aceite de May Chang), Illite (Arcilla Rosa Francesa), Hibiscus Sabdariffa.<\/p>\n<p>*Ingredientes cultivados org\u00e1nicamente<\/p>\n\n\t\t<\/div>\n\t<\/div>\n<\/div><\/div><\/div><\/div><\/div><div  class=\"sec_row container\"><div class=\"vc_row wpb_row vc_row-fluid\"><div class=\"wpb_column vc_column_container vc_col-sm-12 et-dark-column\"><div class=\"vc_column-inner\"><div class=\"wpb_wrapper\">\n\t<div class=\"wpb_text_column wpb_content_element\" >\n\t\t<div class=\"wpb_wrapper\">\n\t\t\t<p>Peso: \u00b1 120 gramos<br \/>\nTama\u00f1o: 7 x 7 x 2.5 cm<\/p>\n\n\t\t<\/div>\n\t<\/div>\n<\/div><\/div><\/div><\/div><\/div>\n<\/div>","protected":false},"excerpt":{"rendered":"<p>Limpia y desintoxica tu piel con nuestro Jab\u00f3n Limpiador de Arcilla Rosa \u2013 una f\u00f3rmula suave y natural para rostro y cuerpo que no reseca la piel. Su delicada fragancia floral y c\u00edtrica proporciona una experiencia refrescante y relajante.<\/p>","protected":false},"featured_media":4727,"comment_status":"open","ping_status":"closed","template":"","meta":{"_monsterinsights_skip_tracking":false,"_monsterinsights_sitenote_active":false,"_monsterinsights_sitenote_note":"","_monsterinsights_sitenote_category":0,"_uf_show_specific_survey":0,"_uf_disable_surveys":false,"_glsr_average":5,"_glsr_ranking":3.636363636363599827205916881212033331394195556640625,"_glsr_reviews":1,"_joinchat":[],"jetpack_publicize_message":"","jetpack_publicize_feature_enabled":true,"jetpack_social_post_already_shared":false,"jetpack_social_options":{"image_generator_settings":{"template":"highway","default_image_id":0,"font":"","enabled":false},"version":2}},"product_brand":[],"product_cat":[268,269],"product_tag":[],"class_list":{"0":"post-3889","1":"product","2":"type-product","3":"status-publish","4":"has-post-thumbnail","6":"product_cat-body-soaps","7":"product_cat-face-soaps","9":"first","10":"outofstock","11":"taxable","12":"shipping-taxable","13":"purchasable","14":"product-type-simple"},"jetpack_publicize_connections":[],"jetpack-related-posts":[],"_links":{"self":[{"href":"https:\/\/inanassoaps.com\/es\/wp-json\/wp\/v2\/product\/3889","targetHints":{"allow":["GET"]}}],"collection":[{"href":"https:\/\/inanassoaps.com\/es\/wp-json\/wp\/v2\/product"}],"about":[{"href":"https:\/\/inanassoaps.com\/es\/wp-json\/wp\/v2\/types\/product"}],"replies":[{"embeddable":true,"href":"https:\/\/inanassoaps.com\/es\/wp-json\/wp\/v2\/comments?post=3889"}],"wp:featuredmedia":[{"embeddable":true,"href":"https:\/\/inanassoaps.com\/es\/wp-json\/wp\/v2\/media\/4727"}],"wp:attachment":[{"href":"https:\/\/inanassoaps.com\/es\/wp-json\/wp\/v2\/media?parent=3889"}],"wp:term":[{"taxonomy":"product_brand","embeddable":true,"href":"https:\/\/inanassoaps.com\/es\/wp-json\/wp\/v2\/product_brand?post=3889"},{"taxonomy":"product_cat","embeddable":true,"href":"https:\/\/inanassoaps.com\/es\/wp-json\/wp\/v2\/product_cat?post=3889"},{"taxonomy":"product_tag","embeddable":true,"href":"https:\/\/inanassoaps.com\/es\/wp-json\/wp\/v2\/product_tag?post=3889"}],"curies":[{"name":"wp","href":"https:\/\/api.w.org\/{rel}","templated":true}]}}