{"id":3886,"date":"2021-07-25T17:42:36","date_gmt":"2021-07-25T17:42:36","guid":{"rendered":"https:\/\/inanassoaps.com\/?post_type=product&#038;p=3886"},"modified":"2025-09-09T12:07:01","modified_gmt":"2025-09-09T12:07:01","slug":"charcoal-face-body-cleansing-bar","status":"publish","type":"product","link":"https:\/\/inanassoaps.com\/es\/producto\/charcoal-face-body-cleansing-bar\/","title":{"rendered":"Limpiador Facial y Corporal con Carb\u00f3n"},"content":{"rendered":"<p><strong>Purifying &amp; Detoxifying<\/strong><\/p>\n<p>Charcoal Face &amp; Body Cleansing Bar is designed to deeply cleanse and detoxify, drawing out impurities from your pores. Gentle enough for facial care yet effective for full-body use, this soap bar is ideal for oily, acne-prone or combination skin types.<\/p>\n<h4 data-start=\"180\" data-end=\"205\"><strong>WHY YOU\u2019LL LOVE IT:<\/strong><\/h4>\n<p data-start=\"207\" data-end=\"747\">\u2714 <strong data-start=\"158\" data-end=\"178\">Charcoal Cleanse<\/strong> \u2013 Clears impurities<br data-start=\"198\" data-end=\"201\" \/>\u2714 <strong data-start=\"203\" data-end=\"221\">Calendula Care<\/strong> \u2013 Calms skin<br data-start=\"234\" data-end=\"237\" \/>\u2714 <strong data-start=\"239\" data-end=\"254\">Fresh Notes<\/strong> \u2013 Eucalyptus + Peppermint<br data-start=\"280\" data-end=\"283\" \/>\u2714 <strong data-start=\"285\" data-end=\"299\">Soft Touch<\/strong> \u2013 Nourishing oils &amp; butters<br data-start=\"320\" data-end=\"323\" \/>\u2714 <strong data-start=\"325\" data-end=\"341\">Eco-Friendly<\/strong> \u2013 Vegan &amp; plastic-free<\/p>\n<h4><strong><b>INGREDIENTES CLAVE: <\/b><\/strong><\/h4>\n<p>\ud83c\udf3f<strong>Aceite de Oliva Virgen Extra<\/strong>:\u00a0Skin-soothing and moisturizing, perfect for sensitive skin.<br \/>\n<strong>\ud83e\udd65Coconut Oil<\/strong>: Limpia suavemente y aporta una cremosidad lujosa.<br \/>\n<strong>\ud83d\udca7Shea Butter<\/strong>: Nutre en profundidad y ayuda a mantener la hidrataci\u00f3n de la piel.<br \/>\n\ud83c\udf6b<strong>Manteca de Cacao<\/strong>: Favorece la elasticidad de la piel y aporta una sensaci\u00f3n rica y cremosa a la pastilla.<br \/>\n<strong>\ud83d\udda4Charcoal powder<\/strong>: Actively draws out impurities and toxins from the skin.<\/p>\n<p>Made in Catalonia\/Pened\u00e8s, Spain, our botanical soaps are super-fatted to enrich the skin with nourishing plant oils. Each bar is handcrafted using the traditional cold-process method and cured for over 6 weeks to achieve an optimally gentle, creamy lather.<\/p>\n<p><strong><b>INSTRUCCIONES DE USO Y CUIDADO<\/b><\/strong>:<\/p>\n<p>Humedece el jab\u00f3n y fr\u00f3talo para crear una espuma rica y cremosa. Deja actuar la espuma en la piel unos instantes. Para prolongar la vida \u00fatil del jab\u00f3n, gu\u00e1rdalo en una jabonera que permita drenar el agua. Te recomendamos utilizar nuestra\u00a0<a href=\"https:\/\/inanassoaps.com\/es\/producto\/ceramic-soap-dish\/\">Jabonera de Cer\u00e1mica Hecha a Mano<\/a> para un mejor cuidado.<\/p>\n<h4><strong><b>INGREDIENTES:<\/b><\/strong><\/h4>\n<p>Olea Europaea (Aceite de Oliva) Fruit Oil, Aqua, Cocos Nucifera (Aceite de Coco), Butyrospermum Parkii (Manteca de Karit\u00e9), Theobroma Cacao (Manteca de Cacao), Prunus Amygdalus Dulcis (Aceite de Almendra Dulce), Ricinus Communis (Aceite de Ricino), Glicerina, Eucalyptus Globulus (Aceite de Hoja de Eucalipto), Carb\u00f3n Activado.<\/p>\n<p>*Ingredientes cultivados org\u00e1nicamente<\/p>","protected":false},"excerpt":{"rendered":"<p>La Barra Limpiadora Facial y Corporal con Carb\u00f3n Vegetal limpia y desintoxica profundamente, eliminando las impurezas de los poros. Es suave para el rostro y efectiva para el cuerpo, perfecta para pieles grasas, propensas al acn\u00e9 o mixtas.<\/p>","protected":false},"featured_media":4828,"comment_status":"open","ping_status":"closed","template":"","meta":{"_monsterinsights_skip_tracking":false,"_monsterinsights_sitenote_active":false,"_monsterinsights_sitenote_note":"","_monsterinsights_sitenote_category":0,"_uf_show_specific_survey":0,"_uf_disable_surveys":false,"_glsr_average":5,"_glsr_ranking":3.636363636363599827205916881212033331394195556640625,"_glsr_reviews":1,"_joinchat":[],"jetpack_publicize_message":"","jetpack_publicize_feature_enabled":true,"jetpack_social_post_already_shared":false,"jetpack_social_options":{"image_generator_settings":{"template":"highway","default_image_id":0,"font":"","enabled":false},"version":2}},"product_brand":[],"product_cat":[268,269],"product_tag":[],"class_list":{"0":"post-3886","1":"product","2":"type-product","3":"status-publish","4":"has-post-thumbnail","6":"product_cat-body-soaps","7":"product_cat-face-soaps","9":"first","10":"instock","11":"taxable","12":"shipping-taxable","13":"purchasable","14":"product-type-simple"},"jetpack_publicize_connections":[],"jetpack-related-posts":[],"_links":{"self":[{"href":"https:\/\/inanassoaps.com\/es\/wp-json\/wp\/v2\/product\/3886","targetHints":{"allow":["GET"]}}],"collection":[{"href":"https:\/\/inanassoaps.com\/es\/wp-json\/wp\/v2\/product"}],"about":[{"href":"https:\/\/inanassoaps.com\/es\/wp-json\/wp\/v2\/types\/product"}],"replies":[{"embeddable":true,"href":"https:\/\/inanassoaps.com\/es\/wp-json\/wp\/v2\/comments?post=3886"}],"wp:featuredmedia":[{"embeddable":true,"href":"https:\/\/inanassoaps.com\/es\/wp-json\/wp\/v2\/media\/4828"}],"wp:attachment":[{"href":"https:\/\/inanassoaps.com\/es\/wp-json\/wp\/v2\/media?parent=3886"}],"wp:term":[{"taxonomy":"product_brand","embeddable":true,"href":"https:\/\/inanassoaps.com\/es\/wp-json\/wp\/v2\/product_brand?post=3886"},{"taxonomy":"product_cat","embeddable":true,"href":"https:\/\/inanassoaps.com\/es\/wp-json\/wp\/v2\/product_cat?post=3886"},{"taxonomy":"product_tag","embeddable":true,"href":"https:\/\/inanassoaps.com\/es\/wp-json\/wp\/v2\/product_tag?post=3886"}],"curies":[{"name":"wp","href":"https:\/\/api.w.org\/{rel}","templated":true}]}}