{"id":3464,"date":"2020-12-15T11:20:50","date_gmt":"2020-12-15T11:20:50","guid":{"rendered":"https:\/\/inanassoaps.com\/?post_type=product&#038;p=3464"},"modified":"2025-05-05T12:49:46","modified_gmt":"2025-05-05T12:49:46","slug":"lemon-and-poppy-seed-soap","status":"publish","type":"product","link":"https:\/\/inanassoaps.com\/es\/producto\/lemon-and-poppy-seed-soap\/","title":{"rendered":"Jab\u00f3n corporal de Lim\u00f3n y Semillas de Amapola"},"content":{"rendered":"<div class=\"wpb-content-wrapper\"><div  class=\"sec_row container\"><div class=\"vc_row wpb_row vc_row-fluid\"><div class=\"wpb_column vc_column_container vc_col-sm-12 vc_hidden-xs et-dark-column\"><div class=\"vc_column-inner\"><div class=\"wpb_wrapper\">\n\t<div class=\"wpb_text_column wpb_content_element\" >\n\t\t<div class=\"wpb_wrapper\">\n\t\t\t<h4>Nuestro Jab\u00f3n Artesanal de Lim\u00f3n y Semillas de Amapola ofrece una exfoliaci\u00f3n suave mientras nutre y calma tu piel. Enriquecido con manteca de cacao, aceite de oliva virgen extra, y aceite de coco, est\u00e1 delicadamente perfumado con una refrescante mezcla de aceites esenciales de lim\u00f3n y bergamota, dejando tu piel suave e hidratada.<\/h4>\n\n\t\t<\/div>\n\t<\/div>\n<\/div><\/div><\/div><\/div><\/div><div  class=\"sec_row container\"><div class=\"vc_row wpb_row vc_row-fluid\"><div class=\"wpb_column vc_column_container vc_col-sm-12 et-dark-column\"><div class=\"vc_column-inner\"><div class=\"wpb_wrapper\">\n\t<div class=\"wpb_text_column wpb_content_element\" >\n\t\t<div class=\"wpb_wrapper\">\n\t\t\t<h4><strong><b>INGREDIENTES CLAVE:<\/b><\/strong><\/h4>\n<p><strong>Aceite de<\/strong>\u00a0Oliva Virgen Extra\u00a0<strong>El aceite de oliva<\/strong>\u00a0infusionado con\u00a0<strong>flores de cal\u00e9ndula<\/strong>\u00a0\u2013 Calma y nutre la piel, ideal para pieles sensibles.<br \/>\n<strong>Aceite de Coco<\/strong>\u00a0\u2013 Limpia, hidrata y proporciona una experiencia de uso lujosa.<br \/>\n<strong>Manteca de Karit\u00e9<\/strong>\u00a0\u2013 Con propiedades hidratantes excepcionales, nutre profundamente la piel.<br \/>\n<strong>Manteca de Cacao<\/strong> \u2013 Mejora la elasticidad y firmeza del jab\u00f3n, ofreciendo una experiencia de ba\u00f1o \u00fanica.<\/p>\n<p>Este jab\u00f3n de lujo es hecho a mano en Espa\u00f1a en peque\u00f1os lotes, utilizando el m\u00e9todo tradicional de proceso en fr\u00edo, y es una excelente opci\u00f3n para reducir el uso de pl\u00e1stico en tu hogar, ya que es un producto cero residuos.<\/p>\n<p>En Inana's Soaps utilizamos ingredientes de alta calidad, de origen vegetal, como la cal\u00e9ndula org\u00e1nica que cultivamos en nuestro propio huerto.<\/p>\n<p><strong>100% natural | Proceso en fr\u00edo | Sin aceite de palma | Sin pl\u00e1stico | Vegano | Libre de crueldad<\/strong><\/p>\n<h4><strong><b>INSTRUCCIONES DE USO Y CUIDADO<\/b><\/strong>:<\/h4>\n<p>Humedece el jab\u00f3n y fr\u00f3talo para crear una espuma rica y cremosa. Deja actuar la espuma en la piel unos instantes. Para prolongar la vida \u00fatil del jab\u00f3n, gu\u00e1rdalo en una jabonera que permita drenar el agua. Te recomendamos utilizar nuestra <a href=\"https:\/\/inanassoaps.com\/es\/producto\/ceramic-soap-dish\/\">Jabonera de Cer\u00e1mica Hecha a Mano<\/a> para un mejor cuidado.<\/p>\n<h4><strong><b>INGREDIENTES:<\/b><\/strong><\/h4>\n<p>Olea Europaea (Aceite de Oliva) Fruit Oil, Aqua, Cocos Nucifera (Aceite de Coco), Butyrospermum Parkii (Manteca de Karit\u00e9), Theobroma Cacao (Manteca de Cacao), Prunus Amygdalus Dulcis (Aceite de Almendra Dulce), Ricinus Communis (Aceite de Ricino), Glycerin, Citrus Limon (Aceite de C\u00e1scara de Lim\u00f3n), Citrus Aurantium Bergamia (Aceite de C\u00e1scara de Bergamota), Papaver Somniferum (Semilla de Amapola).<\/p>\n<p>*Ingredientes cultivados org\u00e1nicamente<\/p>\n\n\t\t<\/div>\n\t<\/div>\n<\/div><\/div><\/div><\/div><\/div><div  class=\"sec_row container\"><div class=\"vc_row wpb_row vc_row-fluid\"><div class=\"wpb_column vc_column_container vc_col-sm-12 et-dark-column\"><div class=\"vc_column-inner\"><div class=\"wpb_wrapper\">\n\t<div class=\"wpb_text_column wpb_content_element\" >\n\t\t<div class=\"wpb_wrapper\">\n\t\t\t<p>Peso: \u00b1 120 gramos<br \/>\nTama\u00f1o: 7 x 7 x 2.5 cm<\/p>\n\n\t\t<\/div>\n\t<\/div>\n<\/div><\/div><\/div><\/div><\/div>\n<\/div>","protected":false},"excerpt":{"rendered":"<p>Nuestro Jab\u00f3n Artesanal de Lim\u00f3n y Semillas de Amapola ofrece una exfoliaci\u00f3n suave mientras nutre y calma tu piel. Enriquecido con manteca de cacao, aceite de oliva virgen extra, y aceite de coco, est\u00e1 delicadamente perfumado con una refrescante mezcla de aceites esenciales de lim\u00f3n y bergamota, dejando tu piel suave e hidratada.<\/p>","protected":false},"featured_media":4836,"comment_status":"open","ping_status":"closed","template":"","meta":{"_monsterinsights_skip_tracking":false,"_monsterinsights_sitenote_active":false,"_monsterinsights_sitenote_note":"","_monsterinsights_sitenote_category":0,"_uf_show_specific_survey":0,"_uf_disable_surveys":false,"_glsr_average":5,"_glsr_ranking":3.636363636363599827205916881212033331394195556640625,"_glsr_reviews":1,"_joinchat":[],"jetpack_publicize_message":"","jetpack_publicize_feature_enabled":true,"jetpack_social_post_already_shared":false,"jetpack_social_options":{"image_generator_settings":{"template":"highway","default_image_id":0,"font":"","enabled":false},"version":2}},"product_brand":[],"product_cat":[268],"product_tag":[178],"class_list":{"0":"post-3464","1":"product","2":"type-product","3":"status-publish","4":"has-post-thumbnail","6":"product_cat-body-soaps","7":"product_tag-exfoliating-soap","9":"first","10":"instock","11":"featured","12":"taxable","13":"shipping-taxable","14":"purchasable","15":"product-type-simple"},"jetpack_publicize_connections":[],"jetpack-related-posts":[],"_links":{"self":[{"href":"https:\/\/inanassoaps.com\/es\/wp-json\/wp\/v2\/product\/3464","targetHints":{"allow":["GET"]}}],"collection":[{"href":"https:\/\/inanassoaps.com\/es\/wp-json\/wp\/v2\/product"}],"about":[{"href":"https:\/\/inanassoaps.com\/es\/wp-json\/wp\/v2\/types\/product"}],"replies":[{"embeddable":true,"href":"https:\/\/inanassoaps.com\/es\/wp-json\/wp\/v2\/comments?post=3464"}],"wp:featuredmedia":[{"embeddable":true,"href":"https:\/\/inanassoaps.com\/es\/wp-json\/wp\/v2\/media\/4836"}],"wp:attachment":[{"href":"https:\/\/inanassoaps.com\/es\/wp-json\/wp\/v2\/media?parent=3464"}],"wp:term":[{"taxonomy":"product_brand","embeddable":true,"href":"https:\/\/inanassoaps.com\/es\/wp-json\/wp\/v2\/product_brand?post=3464"},{"taxonomy":"product_cat","embeddable":true,"href":"https:\/\/inanassoaps.com\/es\/wp-json\/wp\/v2\/product_cat?post=3464"},{"taxonomy":"product_tag","embeddable":true,"href":"https:\/\/inanassoaps.com\/es\/wp-json\/wp\/v2\/product_tag?post=3464"}],"curies":[{"name":"wp","href":"https:\/\/api.w.org\/{rel}","templated":true}]}}