{"id":3461,"date":"2020-12-15T11:15:39","date_gmt":"2020-12-15T11:15:39","guid":{"rendered":"https:\/\/inanassoaps.com\/?post_type=product&#038;p=3461"},"modified":"2025-05-05T12:50:59","modified_gmt":"2025-05-05T12:50:59","slug":"rosemary-mint-hemp-soap","status":"publish","type":"product","link":"https:\/\/inanassoaps.com\/es\/producto\/rosemary-mint-hemp-soap\/","title":{"rendered":"Jab\u00f3n cuerpo de C\u00e1\u00f1amo con Romero y Menta"},"content":{"rendered":"<div class=\"wpb-content-wrapper\"><div  class=\"sec_row container\"><div class=\"vc_row wpb_row vc_row-fluid\"><div class=\"wpb_column vc_column_container vc_col-sm-12 vc_hidden-xs et-dark-column\"><div class=\"vc_column-inner\"><div class=\"wpb_wrapper\">\n\t<div class=\"wpb_text_column wpb_content_element\" >\n\t\t<div class=\"wpb_wrapper\">\n\t\t\t<h4>This unique formulation offers an exfoliating yet hydrating solution for dry and dead skin cells while cleansing the body.<\/h4>\n\n\t\t<\/div>\n\t<\/div>\n<\/div><\/div><\/div><\/div><\/div><div  class=\"sec_row container\"><div class=\"vc_row wpb_row vc_row-fluid\"><div class=\"wpb_column vc_column_container vc_col-sm-12 et-dark-column\"><div class=\"vc_column-inner\"><div class=\"wpb_wrapper\">\n\t<div class=\"wpb_text_column wpb_content_element\" >\n\t\t<div class=\"wpb_wrapper\">\n\t\t\t<p>Este jab\u00f3n de c\u00e1\u00f1amo, con su potente combinaci\u00f3n de propiedades antiinflamatorias, hipoalerg\u00e9nicas y suavizantes, es una excelente opci\u00f3n para personas con piel sensible o afecciones cut\u00e1neas.<\/p>\n<p>Se complementa a la perfecci\u00f3n con nuestros\u00a0<a href=\"https:\/\/inanassoaps.com\/es\/producto\/eucalyptus-mineral-bath-salts\/\">Sales de Ba\u00f1o Minerales con Eucalipto<\/a><\/p>\n<h4><strong>INGREDIENTES CLAVE: <\/strong><\/h4>\n<p><strong>Aceite de<\/strong> Oliva Virgen Extra <strong>El aceite de oliva<\/strong>\u00a0infusionado con <strong>flores de cal\u00e9ndula<\/strong> \u2013 Calma y nutre la piel, ideal para pieles sensibles.<br \/>\n<strong>Aceite de Coco<\/strong> \u2013 Hidrata, limpia y aporta una textura lujosa al jab\u00f3n.<br \/>\n<strong>Manteca de Karit\u00e9<\/strong>\u00a0\u2013 Nutre intensamente la piel con sus excepcionales propiedades hidratantes.<br \/>\n<strong>Manteca de Cacao<\/strong> \u2013 Mejora la elasticidad y firmeza del jab\u00f3n, ofreciendo una experiencia de ba\u00f1o \u00fanica.<br \/>\n<strong>Aceite de C\u00e1\u00f1amo<\/strong> \u2013 Rico en antioxidantes y vitaminas, hidrata y calma la piel, reduciendo la sequedad y el acn\u00e9.<br \/>\n<strong>Espirulina<\/strong> \u2013 Esta alga azul-verde contribuye a reducir la inflamaci\u00f3n y mejorar el aspecto de la piel.<\/p>\n<p>Elaborado artesanalmente en Espa\u00f1a en peque\u00f1os lotes, este jab\u00f3n de lujo es ideal para reducir el uso de pl\u00e1stico en tu hogar.<\/p>\n<p>Est\u00e1 cuidadosamente empaquetado en una bolsa de algod\u00f3n reutilizable, en l\u00ednea con nuestro compromiso con la sostenibilidad y el respeto al medio ambiente.<\/p>\n<p><strong>100% natural | Proceso en fr\u00edo | Sin aceite de palma | Sin pl\u00e1stico | Vegano | Libre de crueldad<\/strong><\/p>\n<h4><strong><b>INSTRUCCIONES DE USO Y CUIDADO<\/b><\/strong>:<\/h4>\n<p>Humedece el jab\u00f3n y fr\u00f3talo para crear una espuma rica y cremosa. Deja actuar la espuma en la piel unos instantes. Para prolongar la vida \u00fatil del jab\u00f3n, gu\u00e1rdalo en una jabonera que permita drenar el agua. Te recomendamos utilizar nuestra\u00a0<a href=\"https:\/\/inanassoaps.com\/es\/producto\/ceramic-soap-dish\/\">Jabonera de Cer\u00e1mica Hecha a Mano<\/a>\u00a0para un mejor cuidado.<\/p>\n<h4><strong><b>INGREDIENTES:<\/b><\/strong><\/h4>\n<p>Olea Europaea (Olive) Fruit Oil , Aqua, Cocos Nucifera (Coconut) Oil*, Butyrospermum Parkii (Shea) Butter*, Theobroma Cacao (Cocoa) Seed Butter, Cannabis Sativa (Hemp) Seed Oil, Ricinus Communis (Castor) Seed Oil, Glycerin, Mentha Piperita (Peppermint) Oil, Rosmarinus Officinalis (Rosemary) Leaf Oil, Spirulina Platensis Extract, Rosmarinus Officinalis (Rosemary) Leaf.<\/p>\n<p>*Ingredientes cultivados org\u00e1nicamente<\/p>\n\n\t\t<\/div>\n\t<\/div>\n<\/div><\/div><\/div><\/div><\/div><div  class=\"sec_row container\"><div class=\"vc_row wpb_row vc_row-fluid\"><div class=\"wpb_column vc_column_container vc_col-sm-12 et-dark-column\"><div class=\"vc_column-inner\"><div class=\"wpb_wrapper\">\n\t<div class=\"wpb_text_column wpb_content_element\" >\n\t\t<div class=\"wpb_wrapper\">\n\t\t\t<p>Peso: \u00b1 120 gramos<\/p>\n<p>Tama\u00f1o: 7 x 7 x 2.5 cm<\/p>\n\n\t\t<\/div>\n\t<\/div>\n<\/div><\/div><\/div><\/div><\/div>\n<\/div>","protected":false},"excerpt":{"rendered":"<p>Sum\u00e9rgete en el lujo de nuestro Jab\u00f3n Artesanal de C\u00e1\u00f1amo con Romero y Menta, una experiencia vegetal enriquecida con extracto de cal\u00e9ndula, aceite de semilla de c\u00e1\u00f1amo y los estimulantes aromas de romero y menta.<\/p>","protected":false},"featured_media":4801,"comment_status":"open","ping_status":"closed","template":"","meta":{"_monsterinsights_skip_tracking":false,"_monsterinsights_sitenote_active":false,"_monsterinsights_sitenote_note":"","_monsterinsights_sitenote_category":0,"_uf_show_specific_survey":0,"_uf_disable_surveys":false,"_glsr_average":5,"_glsr_ranking":3.636363636363599827205916881212033331394195556640625,"_glsr_reviews":1,"_joinchat":[],"jetpack_publicize_message":"","jetpack_publicize_feature_enabled":true,"jetpack_social_post_already_shared":false,"jetpack_social_options":{"image_generator_settings":{"template":"highway","default_image_id":0,"font":"","enabled":false},"version":2}},"product_brand":[],"product_cat":[268],"product_tag":[224],"class_list":{"0":"post-3461","1":"product","2":"type-product","3":"status-publish","4":"has-post-thumbnail","6":"product_cat-body-soaps","7":"product_tag-exfoliating-hemp-soap","9":"first","10":"outofstock","11":"sold-individually","12":"taxable","13":"shipping-taxable","14":"purchasable","15":"product-type-simple"},"jetpack_publicize_connections":[],"jetpack-related-posts":[],"_links":{"self":[{"href":"https:\/\/inanassoaps.com\/es\/wp-json\/wp\/v2\/product\/3461","targetHints":{"allow":["GET"]}}],"collection":[{"href":"https:\/\/inanassoaps.com\/es\/wp-json\/wp\/v2\/product"}],"about":[{"href":"https:\/\/inanassoaps.com\/es\/wp-json\/wp\/v2\/types\/product"}],"replies":[{"embeddable":true,"href":"https:\/\/inanassoaps.com\/es\/wp-json\/wp\/v2\/comments?post=3461"}],"wp:featuredmedia":[{"embeddable":true,"href":"https:\/\/inanassoaps.com\/es\/wp-json\/wp\/v2\/media\/4801"}],"wp:attachment":[{"href":"https:\/\/inanassoaps.com\/es\/wp-json\/wp\/v2\/media?parent=3461"}],"wp:term":[{"taxonomy":"product_brand","embeddable":true,"href":"https:\/\/inanassoaps.com\/es\/wp-json\/wp\/v2\/product_brand?post=3461"},{"taxonomy":"product_cat","embeddable":true,"href":"https:\/\/inanassoaps.com\/es\/wp-json\/wp\/v2\/product_cat?post=3461"},{"taxonomy":"product_tag","embeddable":true,"href":"https:\/\/inanassoaps.com\/es\/wp-json\/wp\/v2\/product_tag?post=3461"}],"curies":[{"name":"wp","href":"https:\/\/api.w.org\/{rel}","templated":true}]}}