{"id":3451,"date":"2020-12-15T10:52:55","date_gmt":"2020-12-15T10:52:55","guid":{"rendered":"https:\/\/inanassoaps.com\/?post_type=product&#038;p=3451"},"modified":"2025-05-05T12:52:23","modified_gmt":"2025-05-05T12:52:23","slug":"lavender-soap","status":"publish","type":"product","link":"https:\/\/inanassoaps.com\/es\/producto\/lavender-soap\/","title":{"rendered":"Jab\u00f3n para cuerpo de Lavanda"},"content":{"rendered":"<div class=\"wpb-content-wrapper\"><div  class=\"sec_row container\"><div class=\"vc_row wpb_row vc_row-fluid\"><div class=\"wpb_column vc_column_container vc_col-sm-12 vc_hidden-xs et-dark-column\"><div class=\"vc_column-inner\"><div class=\"wpb_wrapper\">\n\t<div class=\"wpb_text_column wpb_content_element\" >\n\t\t<div class=\"wpb_wrapper\">\n\t\t\t<h4>Elaborado utilizando el m\u00e9todo de proceso en fr\u00edo, nuestro Jab\u00f3n Artesanal de Lavanda est\u00e1 infusionado con lavanda org\u00e1nica y cal\u00e9ndula de nuestro propio cultivo, brindando un efecto calmante y relajante para la piel. Su dulce aroma floral ofrece una experiencia indulgente y lujosa, ideal para todo tipo de pieles.<\/h4>\n\n\t\t<\/div>\n\t<\/div>\n<\/div><\/div><\/div><\/div><\/div><div  class=\"sec_row container\"><div class=\"vc_row wpb_row vc_row-fluid\"><div class=\"wpb_column vc_column_container vc_col-sm-12 et-dark-column\"><div class=\"vc_column-inner\"><div class=\"wpb_wrapper\">\n\t<div class=\"wpb_text_column wpb_content_element\" >\n\t\t<div class=\"wpb_wrapper\">\n\t\t\t<p>Se complementa a la perfecci\u00f3n con nuestros\u00a0<a href=\"https:\/\/inanassoaps.com\/es\/producto\/lavender-mineral-bath-salts-copy\/\">Sales de Ba\u00f1o Minerales de Lavanda<\/a><\/p>\n<p data-sourcepos=\"5:1-5:18\"><strong>Beneficios para la Piel:<\/strong><\/p>\n<ul data-sourcepos=\"7:1-7:87\">\n<li data-sourcepos=\"7:1-7:87\"><strong>Calmante e Hidratante:<\/strong> La mezcla de aceite de oliva, lavanda y cal\u00e9ndula nutre y suaviza la piel, dej\u00e1ndola hidratada y radiante.<\/li>\n<li data-sourcepos=\"8:1-8:106\"><strong>Relajante:<\/strong> La esencia de lavanda, caracter\u00edstica de la costa mediterr\u00e1nea, proporciona una sensaci\u00f3n de calma y bienestar.<\/li>\n<li data-sourcepos=\"9:1-9:113\"><strong>Antiinflamatorio:<\/strong> La cal\u00e9ndula posee propiedades antiinflamatorias que ayudan a reducir la irritaci\u00f3n y el enrojecimiento de la piel.<\/li>\n<\/ul>\n<h4><strong><b>INGREDIENTES CLAVE: <\/b><\/strong><\/h4>\n<p><strong>Aceite de<\/strong>\u00a0Oliva Virgen Extra\u00a0<strong>El aceite de oliva<\/strong>\u00a0infusionado con\u00a0<strong>flores de cal\u00e9ndula<\/strong> y <strong>lavanda<\/strong> \u2013 Calma y nutre la piel, ideal para pieles sensibles.<br \/>\n<strong>Aceite de Coco<\/strong>\u00a0\u2013 Limpia, hidrata y proporciona una experiencia de uso lujosa.<br \/>\n<strong>Manteca de Karit\u00e9<\/strong>\u00a0\u2013 Con propiedades hidratantes excepcionales, nutre profundamente la piel.<br \/>\n<strong>Manteca de Cacao<\/strong>\u00a0\u2013 Mejora la elasticidad y firmeza del jab\u00f3n, ofreciendo una experiencia de ba\u00f1o \u00fanica.<\/p>\n<p>Este jab\u00f3n de lujo es hecho a mano en Espa\u00f1a en peque\u00f1os lotes, utilizando el m\u00e9todo tradicional de proceso en fr\u00edo, y es una excelente opci\u00f3n para reducir el uso de pl\u00e1stico en tu hogar, ya que es un producto cero residuos.<\/p>\n<p>Incorporamos ingredientes de origen vegetal de la m\u00e1s alta calidad, incluyendo cal\u00e9ndula y lavanda org\u00e1nicas recogidas a mano de nuestros propios jardines.<\/p>\n<p><strong>100% natural | Proceso en fr\u00edo | Sin aceite de palma | Sin pl\u00e1stico | Vegano | Libre de crueldad<\/strong><\/p>\n<h4><strong><b>C\u00d3MO USAR<\/b><\/strong>:<\/h4>\n<ol>\n<li>Humedece tu piel con agua tibia.<\/li>\n<li>Frota el jab\u00f3n sobre tu piel para crear una rica espuma.<\/li>\n<li>Deja actuar la espuma durante un momento.<\/li>\n<li>Masajea suavemente y enjuaga con agua tibia.<\/li>\n<\/ol>\n<h4><strong><b>CUIDADO<\/b><\/strong>:<\/h4>\n<p>Para asegurar la durabilidad de tu jab\u00f3n, gu\u00e1rdalo en una jabonera que permita el drenaje del agua. Te recomendamos nuestra <a href=\"https:\/\/inanassoaps.com\/es\/producto\/ceramic-soap-dish\/\">Jabonera de Cer\u00e1mica Hecha a Mano<\/a>\u00a0para un mejor cuidado.<\/p>\n<h4><strong><b>INGREDIENTES:<\/b><\/strong><\/h4>\n<p>Olea Europaea (Aceite de Oliva) Fruit Oil, Aqua, Cocos Nucifera (Aceite de Coco), Butyrospermum Parkii (Manteca de Karit\u00e9), Theobroma Cacao (Manteca de Cacao), Prunus Amygdalus Dulcis (Aceite de Almendra Dulce), Ricinus Communis (Aceite de Ricino), Glicerina, Lavandula Angustifolia (Aceite de Lavanda), Pigmento violeta.<\/p>\n<p>*Ingredientes cultivados org\u00e1nicamente<\/p>\n\n\t\t<\/div>\n\t<\/div>\n<\/div><\/div><\/div><\/div><\/div><div  class=\"sec_row container\"><div class=\"vc_row wpb_row vc_row-fluid\"><div class=\"wpb_column vc_column_container vc_col-sm-12 et-dark-column\"><div class=\"vc_column-inner\"><div class=\"wpb_wrapper\">\n\t<div class=\"wpb_text_column wpb_content_element\" >\n\t\t<div class=\"wpb_wrapper\">\n\t\t\t\n\t\t<\/div>\n\t<\/div>\n\n\t<div class=\"wpb_text_column wpb_content_element\" >\n\t\t<div class=\"wpb_wrapper\">\n\t\t\t<p>Peso: \u00b1 120 gramos<br \/>\nTama\u00f1o: 7 x 7 x 2.5 cm<\/p>\n\n\t\t<\/div>\n\t<\/div>\n<\/div><\/div><\/div><\/div><\/div>\n<\/div>","protected":false},"excerpt":{"rendered":"<p>Elaborado utilizando el m\u00e9todo de proceso en fr\u00edo, nuestro Jab\u00f3n Artesanal de Lavanda est\u00e1 infusionado con lavanda org\u00e1nica y cal\u00e9ndula de nuestro propio cultivo, brindando un efecto calmante y relajante para la piel. Su dulce aroma floral ofrece una experiencia indulgente y lujosa. Ideal para todo tipo de pieles.<\/p>","protected":false},"featured_media":4814,"comment_status":"open","ping_status":"closed","template":"","meta":{"_monsterinsights_skip_tracking":false,"_monsterinsights_sitenote_active":false,"_monsterinsights_sitenote_note":"","_monsterinsights_sitenote_category":0,"_uf_show_specific_survey":0,"_uf_disable_surveys":false,"_glsr_average":5,"_glsr_ranking":3.75,"_glsr_reviews":2,"_joinchat":[],"jetpack_publicize_message":"","jetpack_publicize_feature_enabled":true,"jetpack_social_post_already_shared":false,"jetpack_social_options":{"image_generator_settings":{"template":"highway","default_image_id":0,"font":"","enabled":false},"version":2}},"product_brand":[],"product_cat":[268],"product_tag":[133],"class_list":{"0":"post-3451","1":"product","2":"type-product","3":"status-publish","4":"has-post-thumbnail","6":"product_cat-body-soaps","7":"product_tag-lavender-soap","9":"first","10":"instock","11":"featured","12":"taxable","13":"shipping-taxable","14":"purchasable","15":"product-type-simple"},"jetpack_publicize_connections":[],"jetpack-related-posts":[],"_links":{"self":[{"href":"https:\/\/inanassoaps.com\/es\/wp-json\/wp\/v2\/product\/3451","targetHints":{"allow":["GET"]}}],"collection":[{"href":"https:\/\/inanassoaps.com\/es\/wp-json\/wp\/v2\/product"}],"about":[{"href":"https:\/\/inanassoaps.com\/es\/wp-json\/wp\/v2\/types\/product"}],"replies":[{"embeddable":true,"href":"https:\/\/inanassoaps.com\/es\/wp-json\/wp\/v2\/comments?post=3451"}],"wp:featuredmedia":[{"embeddable":true,"href":"https:\/\/inanassoaps.com\/es\/wp-json\/wp\/v2\/media\/4814"}],"wp:attachment":[{"href":"https:\/\/inanassoaps.com\/es\/wp-json\/wp\/v2\/media?parent=3451"}],"wp:term":[{"taxonomy":"product_brand","embeddable":true,"href":"https:\/\/inanassoaps.com\/es\/wp-json\/wp\/v2\/product_brand?post=3451"},{"taxonomy":"product_cat","embeddable":true,"href":"https:\/\/inanassoaps.com\/es\/wp-json\/wp\/v2\/product_cat?post=3451"},{"taxonomy":"product_tag","embeddable":true,"href":"https:\/\/inanassoaps.com\/es\/wp-json\/wp\/v2\/product_tag?post=3451"}],"curies":[{"name":"wp","href":"https:\/\/api.w.org\/{rel}","templated":true}]}}