{"id":3447,"date":"2020-12-15T10:42:41","date_gmt":"2020-12-15T10:42:41","guid":{"rendered":"https:\/\/inanassoaps.com\/?post_type=product&#038;p=3447"},"modified":"2025-06-17T16:26:26","modified_gmt":"2025-06-17T16:26:26","slug":"cocoa-soap","status":"publish","type":"product","link":"https:\/\/inanassoaps.com\/es\/producto\/cocoa-soap\/","title":{"rendered":"Jab\u00f3n para el cuerpo de Cacao"},"content":{"rendered":"<div class=\"wpb-content-wrapper\"><div class=\"sec_row container\">\n<div class=\"vc_row wpb_row vc_row-fluid\">\n<div class=\"wpb_column vc_column_container vc_col-sm-12 vc_hidden-xs et-dark-column\">\n<div class=\"vc_column-inner\">\n<div class=\"wpb_wrapper\">\n<div class=\"wpb_text_column wpb_content_element\">\n<div class=\"wpb_wrapper\">\n<h4>Cocoa Soap \u2013 Creamy Nourishment for Sensitive and Delicate Skin<\/h4>\n<p>Este <strong>jab\u00f3n<\/strong>, cold-process cocoa soap is handcrafted with a rich blend of cocoa butter, cold-pressed olive oil and cacao powder. Infused with soothing calendula flowers, it offers a gentle cleanse that leaves skin feeling soft, smooth and cared for\u2014perfect for sensitive, delicate skin.<\/p>\n<\/div>\n<\/div>\n<\/div>\n<\/div>\n<\/div>\n<\/div>\n<\/div>\n<div class=\"sec_row container\">\n<div class=\"vc_row wpb_row vc_row-fluid\">\n<div class=\"wpb_column vc_column_container vc_col-sm-12 et-dark-column\">\n<div class=\"vc_column-inner\">\n<div class=\"wpb_wrapper\">\n<div class=\"wpb_text_column wpb_content_element\">\n<h4 class=\"wpb_wrapper\">WHY YOU\u2019LL LOVE IT:<\/h4>\n<p>\u2714 <em>Suave y Delicado<\/em> \u2013 Sin fragancia, ideal para pieles sensibles o delicadas.<br data-start=\"165\" data-end=\"168\" \/>\u2714 <em>Con Ingredientes Bot\u00e1nicos<\/em> \u2013 Enriquecido con cal\u00e9ndula para un cuidado calmante.<br data-start=\"239\" data-end=\"242\" \/>\u2714 <em>Cremoso y Nutritivo<\/em> \u2013 Con manteca de cacao y aceites vegetales que dejan la piel suave y tersa.<br data-start=\"329\" data-end=\"332\" \/>\u2714 <em>Ecol\u00f3gico y \u00c9tico<\/em> \u2013 Pastilla duradera, sin pl\u00e1stico y elaborada con ingredientes de origen vegetal.<br data-start=\"427\" data-end=\"430\" \/>\u2714 <em>Elaboraci\u00f3n Consciente<\/em> \u2013 Vegano, saponificado en fr\u00edo, sin aceite de palma y hecho a mano en peque\u00f1os lotes.<\/p>\n<h4>BENEFICIOS:<\/h4>\n<p class=\"wpb_wrapper\">\ud83c\udf3f<strong>Aceite de Oliva Virgen Extra<\/strong>: Infused with calendula flowers\u2014known for their moisturizing and skin-soothing properties, ideal for sensitive skin.<br data-start=\"213\" data-end=\"216\" \/>\ud83e\udd65<strong>Aceite de Coco<\/strong>: Limpia suavemente y aporta una cremosidad lujosa.<br data-start=\"279\" data-end=\"282\" \/>\ud83d\udc9b<strong>Manteca de Karit\u00e9<\/strong>: Nutre en profundidad y ayuda a mantener la hidrataci\u00f3n de la piel.<br data-start=\"348\" data-end=\"351\" \/>\ud83c\udf6b<strong>Manteca de Cacao<\/strong>: Favorece la elasticidad de la piel y aporta una sensaci\u00f3n rica y cremosa a la pastilla.<br data-start=\"432\" data-end=\"435\" \/>\ud83c\udf30<strong>Aceite de Almendras Dulces<\/strong>: Suaviza y mantiene la hidrataci\u00f3n sin sensaci\u00f3n pesada.<br data-start=\"538\" data-end=\"541\" \/>\ud83e\udee7<strong>Aceite de Ricino<\/strong>: Aporta cremosidad a la espuma y mejora la limpieza acondicionadora, ayudando a retener la humedad.<\/p>\n<h4>MODO DE USO:<\/h4>\n<p>Frota suavemente el jab\u00f3n entre las manos o directamente sobre la piel h\u00fameda hasta crear espuma. Evita el contacto con los ojos. En caso de contacto, enjuaga abundantemente con agua.<\/p>\n<h4>C\u00d3MO CUIDARLO:<\/h4>\n<p>Para alargar la vida \u00fatil del jab\u00f3n, d\u00e9jalo secar entre usos en una jabonera con buen drenaje. Se recomienda una <a href=\"https:\/\/inanassoaps.com\/es\/producto\/ceramic-soap-dish\/\">Jabonera de Cer\u00e1mica Hecha a Mano<\/a> para un cuidado \u00f3ptimo.<\/p>\n<h4>INGREDIENTES:<\/h4>\n<p data-start=\"1441\" data-end=\"1698\">Olea Europaea Fruit Oil (Olive Oil), Aqua (Water), Cocos Nucifera Oil (Coconut Oil)<em data-start=\"208\" data-end=\"253\">, Butyrospermum Parkii Butter (Shea Butter)*<\/em>, Theobroma Cacao Seed Butter (Cocoa Butter), Prunus Amygdalus Dulcis Oil (Sweet Almond Oil), Ricinus Communis Seed Oil (Castor Oil), Glycerin, Theobroma Cacao Powder (Cocoa Powder), Calendula Officinalis Flower Extract (Calendula Extract).<\/p>\n<p data-start=\"1700\" data-end=\"1730\">*Ingredientes cultivados org\u00e1nicamente<\/p>\n<p data-start=\"1700\" data-end=\"1730\"><em>IMPORTANTE: Nuestros productos se elaboran artesanalmente en peque\u00f1os lotes utilizando ingredientes naturales. Por ello, pueden presentarse variaciones en el color, la textura o el aroma. Estas diferencias forman parte de su belleza natural y no afectan en absoluto su calidad ni eficacia.<\/em><\/p>\n<\/div>\n<\/div>\n<\/div>\n<\/div>\n<\/div>\n<\/div>\n<\/div>","protected":false},"excerpt":{"rendered":"<p>This unscented, cold-process cocoa soap is handcrafted with a rich blend of cocoa butter, cold-pressed olive oil and cacao powder. Infused with soothing calendula flowers, it offers a gentle cleanse that leaves skin feeling soft, smooth and cared for\u2014perfect for sensitive, delicate skin.<\/p>","protected":false},"featured_media":5606,"comment_status":"open","ping_status":"closed","template":"","meta":{"_monsterinsights_skip_tracking":false,"_monsterinsights_sitenote_active":false,"_monsterinsights_sitenote_note":"","_monsterinsights_sitenote_category":0,"_uf_show_specific_survey":0,"_uf_disable_surveys":false,"_glsr_average":5,"_glsr_ranking":3.636363636363599827205916881212033331394195556640625,"_glsr_reviews":1,"_joinchat":[],"jetpack_publicize_message":"","jetpack_publicize_feature_enabled":true,"jetpack_social_post_already_shared":false,"jetpack_social_options":{"image_generator_settings":{"template":"highway","default_image_id":0,"font":"","enabled":false},"version":2}},"product_brand":[],"product_cat":[268],"product_tag":[252,289],"class_list":{"0":"post-3447","1":"product","2":"type-product","3":"status-publish","4":"has-post-thumbnail","6":"product_cat-body-soaps","7":"product_tag-cocoa-soap","8":"product_tag-unscented-soap","10":"first","11":"instock","12":"featured","13":"sold-individually","14":"taxable","15":"shipping-taxable","16":"purchasable","17":"product-type-simple"},"jetpack_publicize_connections":[],"jetpack-related-posts":[],"_links":{"self":[{"href":"https:\/\/inanassoaps.com\/es\/wp-json\/wp\/v2\/product\/3447","targetHints":{"allow":["GET"]}}],"collection":[{"href":"https:\/\/inanassoaps.com\/es\/wp-json\/wp\/v2\/product"}],"about":[{"href":"https:\/\/inanassoaps.com\/es\/wp-json\/wp\/v2\/types\/product"}],"replies":[{"embeddable":true,"href":"https:\/\/inanassoaps.com\/es\/wp-json\/wp\/v2\/comments?post=3447"}],"wp:featuredmedia":[{"embeddable":true,"href":"https:\/\/inanassoaps.com\/es\/wp-json\/wp\/v2\/media\/5606"}],"wp:attachment":[{"href":"https:\/\/inanassoaps.com\/es\/wp-json\/wp\/v2\/media?parent=3447"}],"wp:term":[{"taxonomy":"product_brand","embeddable":true,"href":"https:\/\/inanassoaps.com\/es\/wp-json\/wp\/v2\/product_brand?post=3447"},{"taxonomy":"product_cat","embeddable":true,"href":"https:\/\/inanassoaps.com\/es\/wp-json\/wp\/v2\/product_cat?post=3447"},{"taxonomy":"product_tag","embeddable":true,"href":"https:\/\/inanassoaps.com\/es\/wp-json\/wp\/v2\/product_tag?post=3447"}],"curies":[{"name":"wp","href":"https:\/\/api.w.org\/{rel}","templated":true}]}}