{"id":5119,"date":"2024-10-29T14:21:53","date_gmt":"2024-10-29T14:21:53","guid":{"rendered":"https:\/\/inanassoaps.com\/?page_id=5119"},"modified":"2024-10-29T16:29:41","modified_gmt":"2024-10-29T16:29:41","slug":"registrate-a-nuestra-newsletter","status":"publish","type":"page","link":"https:\/\/inanassoaps.com\/es\/registrate-a-nuestra-newsletter\/","title":{"rendered":"Registrate a nuestra newsletter"},"content":{"rendered":"<div class=\"wpb-content-wrapper\"><div  class=\"sec_row container\"><div class=\"vc_row wpb_row vc_row-fluid\"><div class=\"wpb_column vc_column_container vc_col-sm-12 et-dark-column\"><div class=\"vc_column-inner\"><div class=\"wpb_wrapper\">\n\t<div class=\"wpb_text_column wpb_content_element\" >\n\t\t<div class=\"wpb_wrapper\">\n\t\t\t<p><strong>\u00a1Mantente en el Brillo con Inana&#8217;s Soaps! \ud83c\udf3f<\/strong><\/p>\n<p>\u00danete a nuestra comunidad y s\u00e9 el primero en descubrir nuestras \u00faltimas creaciones artesanales, consejos para el cuidado de la piel y ofertas exclusivas.<\/p>\n<p>Adem\u00e1s, recibe un 10% de descuento en tu primer pedido al suscribirte. \u00a1Nos encantar\u00e1 compartir este viaje natural contigo!<\/p>\n\n\t\t<\/div>\n\t<\/div>\n<\/div><\/div><\/div><\/div><\/div><div  class=\"sec_row container\"><div class=\"vc_row wpb_row vc_row-fluid\"><div class=\"wpb_column vc_column_container vc_col-sm-12 et-dark-column\"><div class=\"vc_column-inner\"><div class=\"wpb_wrapper\">\n\t<div class=\"wpb_text_column wpb_content_element\" >\n\t\t<div class=\"wpb_wrapper\">\n\t\t\t<p><i>[sibwp_form id=1]<\/i><\/p>\n\n\t\t<\/div>\n\t<\/div>\n<\/div><\/div><\/div><\/div><\/div>\n<\/div>","protected":false},"excerpt":{"rendered":"\u00a1Mantente en el Brillo con Inana's Soaps! \ud83c\udf3f \u00danete a nuestra comunidad y s\u00e9 el primero en descubrir nuestras \u00faltimas creaciones artesanales, consejos para el cuidado de la piel y ofertas exclusivas. Adem\u00e1s, recibe un 10% de descuento en tu primer pedido al suscribirte. \u00a1Nos encantar\u00e1 compartir este viaje natural [...]","protected":false},"author":4,"featured_media":0,"parent":0,"menu_order":0,"comment_status":"closed","ping_status":"closed","template":"","meta":{"_monsterinsights_skip_tracking":false,"_monsterinsights_sitenote_active":false,"_monsterinsights_sitenote_note":"","_monsterinsights_sitenote_category":0,"_uf_show_specific_survey":0,"_uf_disable_surveys":false,"_glsr_average":0,"_glsr_ranking":0,"_glsr_reviews":0,"_joinchat":[],"footnotes":""},"class_list":["post-5119","page","type-page","status-publish","hentry"],"jetpack-related-posts":[],"_links":{"self":[{"href":"https:\/\/inanassoaps.com\/es\/wp-json\/wp\/v2\/pages\/5119","targetHints":{"allow":["GET"]}}],"collection":[{"href":"https:\/\/inanassoaps.com\/es\/wp-json\/wp\/v2\/pages"}],"about":[{"href":"https:\/\/inanassoaps.com\/es\/wp-json\/wp\/v2\/types\/page"}],"author":[{"embeddable":true,"href":"https:\/\/inanassoaps.com\/es\/wp-json\/wp\/v2\/users\/4"}],"replies":[{"embeddable":true,"href":"https:\/\/inanassoaps.com\/es\/wp-json\/wp\/v2\/comments?post=5119"}],"version-history":[{"count":0,"href":"https:\/\/inanassoaps.com\/es\/wp-json\/wp\/v2\/pages\/5119\/revisions"}],"wp:attachment":[{"href":"https:\/\/inanassoaps.com\/es\/wp-json\/wp\/v2\/media?parent=5119"}],"curies":[{"name":"wp","href":"https:\/\/api.w.org\/{rel}","templated":true}]}}